{"id":11,"date":"2017-07-21T23:06:38","date_gmt":"2017-07-21T21:06:38","guid":{"rendered":"https:\/\/abendschule-import.ch\/?page_id=11"},"modified":"2019-01-25T08:50:14","modified_gmt":"2019-01-25T07:50:14","slug":"home","status":"publish","type":"page","link":"https:\/\/abendschuleimport.ch\/fr\/","title":{"rendered":"Home"},"content":{"rendered":"<p>Les migrant\u00b7e\u00b7s emportent toujours des connaissances. <\/p>\n<p>Forg\u00e9es par les voyages, ces connaissances permettent aux migrant\u00b7e\u00b7s d\u2019avoir une approche particuli\u00e8re quant aux changements de perspectives, aux discussions, \u00e0 la traduction. Cependant, dans de nombreux cas, les structures sociales marginalisent ces connaissances et les rendent invisibles. <\/p>\n<p>Pour prendre un exemple, les personnes r\u00e9fugi\u00e9\u00b7e\u00b7s constatent souvent qu&rsquo;elles ne peuvent plus exercer leur profession en Suisse. La pression de l\u2019assimilation les force \u00e0 adapter leurs connaissances, leur fa\u00e7on de penser et leurs comp\u00e9tences aux normes et aux besoins sociaux.<\/p>\n<p>En revanche, les cours du soir <em>Formations Import\u00e9es<\/em> cr\u00e9ent un espace o\u00f9 les connaissances des migrant\u00b7e\u00b7s sont mises en avant et peuvent \u00eatre partag\u00e9es avec le public. <\/p>\n<p>Les cours peuvent se porter sur toute sorte de domaines : la philosophie, l&rsquo;histoire, la physique, l&rsquo;art, le sport ou encore l&rsquo;artisanat. <\/p>\n<p>L&rsquo;exp\u00e9rience professionnelle, les comp\u00e9tences pratiques, les diff\u00e9rents points de vue sur les contextes politiques internationaux ainsi que la soci\u00e9t\u00e9 suisse jouent un r\u00f4le lors de ces cours. <\/p>\n<p>\u00c0 chaque cours du soir, deux expert\u00b7e\u00b7s enseignent en parall\u00e8le. <\/p>\n<p>\u00c0 la fin des cours, tout le monde est invit\u00e9 \u00e0 prendre l\u2019ap\u00e9ro et \u00e0 discuter. <\/p>\n<p>Les <em>Formations Import\u00e9es<\/em> sont organis\u00e9es \u00e0 Zurich, \u00e0 Fribourg et \u00e0 B\u00e2le depuis 2016.<\/p>\n<p>Vous trouvez une description des cours d\u00e9j\u00e0 organis\u00e9s dans nos <a href=\"https:\/\/abendschuleimport.ch\/fr\/archiv\/\">archives<\/a>.<br \/>\n<\/p>","protected":false},"excerpt":{"rendered":"<p>Gefl\u00fcchtete bringen immer Wissen mit. In der Abendschule Import teilen sie dieses mit allen interessierten Besucher*innen. Machen Sie eine Schulreise in die Rote Fabrik!<\/p>\n","protected":false},"author":1,"featured_media":0,"parent":0,"menu_order":0,"comment_status":"closed","ping_status":"closed","template":"","meta":{"footnotes":""},"class_list":["post-11","page","type-page","status-publish","hentry"],"_links":{"self":[{"href":"https:\/\/abendschuleimport.ch\/fr\/wp-json\/wp\/v2\/pages\/11"}],"collection":[{"href":"https:\/\/abendschuleimport.ch\/fr\/wp-json\/wp\/v2\/pages"}],"about":[{"href":"https:\/\/abendschuleimport.ch\/fr\/wp-json\/wp\/v2\/types\/page"}],"author":[{"embeddable":true,"href":"https:\/\/abendschuleimport.ch\/fr\/wp-json\/wp\/v2\/users\/1"}],"replies":[{"embeddable":true,"href":"https:\/\/abendschuleimport.ch\/fr\/wp-json\/wp\/v2\/comments?post=11"}],"version-history":[{"count":27,"href":"https:\/\/abendschuleimport.ch\/fr\/wp-json\/wp\/v2\/pages\/11\/revisions"}],"predecessor-version":[{"id":853,"href":"https:\/\/abendschuleimport.ch\/fr\/wp-json\/wp\/v2\/pages\/11\/revisions\/853"}],"wp:attachment":[{"href":"https:\/\/abendschuleimport.ch\/fr\/wp-json\/wp\/v2\/media?parent=11"}],"curies":[{"name":"wp","href":"https:\/\/api.w.org\/{rel}","templated":true}]}}